{"id":1436,"date":"2013-01-07T10:51:27","date_gmt":"2013-01-07T15:21:27","guid":{"rendered":"http:\/\/www.contraloriaestadoamazonas.gob.ve\/amz\/?page_id=1436"},"modified":"2013-01-07T10:51:27","modified_gmt":"2013-01-07T15:21:27","slug":"mision","status":"publish","type":"page","link":"https:\/\/contraloriaestadoamazonas.gob.ve\/amz\/mision\/","title":{"rendered":"Misi\u00f3n"},"content":{"rendered":"<h3 style=\"text-align: center;\"><strong>Nuestra Misi\u00f3n<\/strong><\/h3>\n<h3 style=\"text-align: justify;\">La Contralor\u00eda del Estado Amazonas, es un \u00d3rgano Constitucional y Legal con autonom\u00eda org\u00e1nica y funcional, cuya misi\u00f3n es ejercer el control, la vigilancia y la fiscalizaci\u00f3n de los ingresos, gastos y bienes del Estado; con el fin de garantizar la correcta y transparente administraci\u00f3n de los recursos estadales, para darles el uso al cual fueron destinados, determinando as\u00ed las responsabilidades a que hubiere lugar y luchar contra la corrupci\u00f3n.<\/h3>\n","protected":false},"excerpt":{"rendered":"<p>Nuestra Misi\u00f3n La Contralor\u00eda del Estado Amazonas, es un \u00d3rgano Constitucional y Legal con autonom\u00eda org\u00e1nica y funcional, cuya misi\u00f3n es ejercer el control, la vigilancia y la fiscalizaci\u00f3n de los ingresos, gastos y bienes del Estado; con el fin &hellip; <a class=\"more-link\" href=\"https:\/\/contraloriaestadoamazonas.gob.ve\/amz\/mision\/\">Sigue leyendo <span class=\"meta-nav\">&rarr;<\/span><\/a><\/p>\n","protected":false},"author":2,"featured_media":0,"parent":0,"menu_order":0,"comment_status":"closed","ping_status":"closed","template":"","meta":{"footnotes":""},"class_list":["post-1436","page","type-page","status-publish","hentry"],"_links":{"self":[{"href":"https:\/\/contraloriaestadoamazonas.gob.ve\/amz\/wp-json\/wp\/v2\/pages\/1436","targetHints":{"allow":["GET"]}}],"collection":[{"href":"https:\/\/contraloriaestadoamazonas.gob.ve\/amz\/wp-json\/wp\/v2\/pages"}],"about":[{"href":"https:\/\/contraloriaestadoamazonas.gob.ve\/amz\/wp-json\/wp\/v2\/types\/page"}],"author":[{"embeddable":true,"href":"https:\/\/contraloriaestadoamazonas.gob.ve\/amz\/wp-json\/wp\/v2\/users\/2"}],"replies":[{"embeddable":true,"href":"https:\/\/contraloriaestadoamazonas.gob.ve\/amz\/wp-json\/wp\/v2\/comments?post=1436"}],"version-history":[{"count":1,"href":"https:\/\/contraloriaestadoamazonas.gob.ve\/amz\/wp-json\/wp\/v2\/pages\/1436\/revisions"}],"predecessor-version":[{"id":1437,"href":"https:\/\/contraloriaestadoamazonas.gob.ve\/amz\/wp-json\/wp\/v2\/pages\/1436\/revisions\/1437"}],"wp:attachment":[{"href":"https:\/\/contraloriaestadoamazonas.gob.ve\/amz\/wp-json\/wp\/v2\/media?parent=1436"}],"curies":[{"name":"wp","href":"https:\/\/api.w.org\/{rel}","templated":true}]}}