{"id":1438,"date":"2013-01-07T10:52:34","date_gmt":"2013-01-07T15:22:34","guid":{"rendered":"http:\/\/www.contraloriaestadoamazonas.gob.ve\/amz\/?page_id=1438"},"modified":"2013-01-07T10:52:34","modified_gmt":"2013-01-07T15:22:34","slug":"vision","status":"publish","type":"page","link":"https:\/\/contraloriaestadoamazonas.gob.ve\/amz\/vision\/","title":{"rendered":"Visi\u00f3n"},"content":{"rendered":"<h3 style=\"text-align: center;\"><strong>Nuestra Visi\u00f3n<\/strong><\/h3>\n<h3 style=\"text-align: justify;\">La Contralor\u00eda del Estado Amazonas se propone para los pr\u00f3ximos a\u00f1os ser una organizaci\u00f3n con principios de honestidad, imparcialidad, transparencia y participaci\u00f3n ciudadana, con recurso humano especializado, motivado, capacidad presupuestaria y financiera y con plataforma tecnol\u00f3gica de vanguardia, que buscara prevenir la corrupci\u00f3n en la administraci\u00f3n del estado a trav\u00e9s de la aplicaci\u00f3n de mecanismos de control fiscal, asesor\u00edas jur\u00eddicas, contables y t\u00e9cnicas en aras de una eficaz administraci\u00f3n p\u00fablico estadal.<\/h3>\n","protected":false},"excerpt":{"rendered":"<p>Nuestra Visi\u00f3n La Contralor\u00eda del Estado Amazonas se propone para los pr\u00f3ximos a\u00f1os ser una organizaci\u00f3n con principios de honestidad, imparcialidad, transparencia y participaci\u00f3n ciudadana, con recurso humano especializado, motivado, capacidad presupuestaria y financiera y con plataforma tecnol\u00f3gica de vanguardia, &hellip; <a class=\"more-link\" href=\"https:\/\/contraloriaestadoamazonas.gob.ve\/amz\/vision\/\">Sigue leyendo <span class=\"meta-nav\">&rarr;<\/span><\/a><\/p>\n","protected":false},"author":2,"featured_media":0,"parent":0,"menu_order":0,"comment_status":"closed","ping_status":"closed","template":"","meta":{"footnotes":""},"class_list":["post-1438","page","type-page","status-publish","hentry"],"_links":{"self":[{"href":"https:\/\/contraloriaestadoamazonas.gob.ve\/amz\/wp-json\/wp\/v2\/pages\/1438","targetHints":{"allow":["GET"]}}],"collection":[{"href":"https:\/\/contraloriaestadoamazonas.gob.ve\/amz\/wp-json\/wp\/v2\/pages"}],"about":[{"href":"https:\/\/contraloriaestadoamazonas.gob.ve\/amz\/wp-json\/wp\/v2\/types\/page"}],"author":[{"embeddable":true,"href":"https:\/\/contraloriaestadoamazonas.gob.ve\/amz\/wp-json\/wp\/v2\/users\/2"}],"replies":[{"embeddable":true,"href":"https:\/\/contraloriaestadoamazonas.gob.ve\/amz\/wp-json\/wp\/v2\/comments?post=1438"}],"version-history":[{"count":1,"href":"https:\/\/contraloriaestadoamazonas.gob.ve\/amz\/wp-json\/wp\/v2\/pages\/1438\/revisions"}],"predecessor-version":[{"id":1439,"href":"https:\/\/contraloriaestadoamazonas.gob.ve\/amz\/wp-json\/wp\/v2\/pages\/1438\/revisions\/1439"}],"wp:attachment":[{"href":"https:\/\/contraloriaestadoamazonas.gob.ve\/amz\/wp-json\/wp\/v2\/media?parent=1438"}],"curies":[{"name":"wp","href":"https:\/\/api.w.org\/{rel}","templated":true}]}}