{"id":1440,"date":"2013-01-07T10:55:57","date_gmt":"2013-01-07T15:25:57","guid":{"rendered":"http:\/\/www.contraloriaestadoamazonas.gob.ve\/amz\/?page_id=1440"},"modified":"2013-01-07T10:55:57","modified_gmt":"2013-01-07T15:25:57","slug":"politica-de-calidad","status":"publish","type":"page","link":"https:\/\/contraloriaestadoamazonas.gob.ve\/amz\/politica-de-calidad\/","title":{"rendered":"Pol\u00edtica de Calidad"},"content":{"rendered":"<h3 style=\"text-align: center;\"><strong>Pol\u00edtica de Calidad<\/strong><\/h3>\n<h3 style=\"text-align: justify;\">Consolidarnos como un \u00f3rgano de control y vigilancia efectivo de los ingresos, gastos y bienes de la Administraci\u00f3n P\u00fablica Estadal, garantizando a trav\u00e9s del uso de indicadores de gesti\u00f3n e impacto y evaluando la calidad de sus actuaciones, el resultado de la gesti\u00f3n estadal y de las entidades sujetas a control.<\/h3>\n","protected":false},"excerpt":{"rendered":"<p>Pol\u00edtica de Calidad Consolidarnos como un \u00f3rgano de control y vigilancia efectivo de los ingresos, gastos y bienes de la Administraci\u00f3n P\u00fablica Estadal, garantizando a trav\u00e9s del uso de indicadores de gesti\u00f3n e impacto y evaluando la calidad de sus &hellip; <a class=\"more-link\" href=\"https:\/\/contraloriaestadoamazonas.gob.ve\/amz\/politica-de-calidad\/\">Sigue leyendo <span class=\"meta-nav\">&rarr;<\/span><\/a><\/p>\n","protected":false},"author":2,"featured_media":0,"parent":0,"menu_order":0,"comment_status":"closed","ping_status":"closed","template":"","meta":{"footnotes":""},"class_list":["post-1440","page","type-page","status-publish","hentry"],"_links":{"self":[{"href":"https:\/\/contraloriaestadoamazonas.gob.ve\/amz\/wp-json\/wp\/v2\/pages\/1440","targetHints":{"allow":["GET"]}}],"collection":[{"href":"https:\/\/contraloriaestadoamazonas.gob.ve\/amz\/wp-json\/wp\/v2\/pages"}],"about":[{"href":"https:\/\/contraloriaestadoamazonas.gob.ve\/amz\/wp-json\/wp\/v2\/types\/page"}],"author":[{"embeddable":true,"href":"https:\/\/contraloriaestadoamazonas.gob.ve\/amz\/wp-json\/wp\/v2\/users\/2"}],"replies":[{"embeddable":true,"href":"https:\/\/contraloriaestadoamazonas.gob.ve\/amz\/wp-json\/wp\/v2\/comments?post=1440"}],"version-history":[{"count":2,"href":"https:\/\/contraloriaestadoamazonas.gob.ve\/amz\/wp-json\/wp\/v2\/pages\/1440\/revisions"}],"predecessor-version":[{"id":1442,"href":"https:\/\/contraloriaestadoamazonas.gob.ve\/amz\/wp-json\/wp\/v2\/pages\/1440\/revisions\/1442"}],"wp:attachment":[{"href":"https:\/\/contraloriaestadoamazonas.gob.ve\/amz\/wp-json\/wp\/v2\/media?parent=1440"}],"curies":[{"name":"wp","href":"https:\/\/api.w.org\/{rel}","templated":true}]}}