{"id":1443,"date":"2013-01-07T11:08:09","date_gmt":"2013-01-07T15:38:09","guid":{"rendered":"http:\/\/www.contraloriaestadoamazonas.gob.ve\/amz\/?page_id=1443"},"modified":"2026-04-09T10:48:10","modified_gmt":"2026-04-09T15:18:10","slug":"ambito-de-control","status":"publish","type":"page","link":"https:\/\/contraloriaestadoamazonas.gob.ve\/amz\/ambito-de-control\/","title":{"rendered":"\u00c1mbito de Control"},"content":{"rendered":"<h3 style=\"text-align: center;\"><strong>\u00c1mbito de Control.<\/strong><\/h3>\n<p>De acuerdo con el art\u00edculo 23 del Reglamento Interno de la Contralor\u00eda del Estado Amazonas, en resoluci\u00f3n N\u00ba DCEA-060-2022 de fecha 01 de Septiembre de 2022, est\u00e1n sujetos al control, vigilancia y fiscalizaci\u00f3n de la Contralor\u00eda del Estado Amazonas, los siguientes organismos, entidades y personas:<\/p>\n<ol>\n<li><em>Los \u00d3rganos a los que incumbe el ejercicio del Poder P\u00fablico Estadal.<\/em><\/li>\n<li><em>Los Institutos Aut\u00f3nomos Estadales.<\/em><\/li>\n<li><em>Las sociedades de cualquier naturaleza en las cuales el Estado tenga participaci\u00f3n en su capital social, as\u00ed como las que se constituyan con la participaci\u00f3n de aqu\u00e9llas.<\/em><\/li>\n<li><em>Consejos Comunales.<\/em><\/li>\n<li><em>Las fundaciones y asociaciones civiles y dem\u00e1s instituciones creadas con fondos p\u00fablicos Estadales, o que sean dirigidas por las personas a que se refieren los numerales anteriores o en las cuales tales personas designen sus autoridades, o cuando los aportes presupuestarios o contribuciones efectuados en un ejercicio presupuestario por una o varias de las personas a que se refieren los numerales anteriores representen el cincuenta porciento (50%) o m\u00e1s de su presupuesto.<\/em><\/li>\n<li><em>Las personas naturales o jur\u00eddicas que sean contribuyentes que en cualquier forma contraten, negocien o celebren operaciones con cualquiera de los organismos o entidades mencionadas en los numerales anteriores o que reciban aportes, subsidios, otras trasferencias o incentivos fiscales, o que en cualquier forma intervengan en la administraci\u00f3n, manejo o custodia de recursos p\u00fablicos Estadales.<\/em><\/li>\n<\/ol>\n","protected":false},"excerpt":{"rendered":"<p>\u00c1mbito de Control. De acuerdo con el art\u00edculo 23 del Reglamento Interno de la Contralor\u00eda del Estado Amazonas, en resoluci\u00f3n N\u00ba DCEA-060-2022 de fecha 01 de Septiembre de 2022, est\u00e1n sujetos al control, vigilancia y fiscalizaci\u00f3n de la Contralor\u00eda del &hellip; <a class=\"more-link\" href=\"https:\/\/contraloriaestadoamazonas.gob.ve\/amz\/ambito-de-control\/\">Sigue leyendo <span class=\"meta-nav\">&rarr;<\/span><\/a><\/p>\n","protected":false},"author":2,"featured_media":0,"parent":0,"menu_order":0,"comment_status":"closed","ping_status":"closed","template":"","meta":{"footnotes":""},"class_list":["post-1443","page","type-page","status-publish","hentry"],"_links":{"self":[{"href":"https:\/\/contraloriaestadoamazonas.gob.ve\/amz\/wp-json\/wp\/v2\/pages\/1443","targetHints":{"allow":["GET"]}}],"collection":[{"href":"https:\/\/contraloriaestadoamazonas.gob.ve\/amz\/wp-json\/wp\/v2\/pages"}],"about":[{"href":"https:\/\/contraloriaestadoamazonas.gob.ve\/amz\/wp-json\/wp\/v2\/types\/page"}],"author":[{"embeddable":true,"href":"https:\/\/contraloriaestadoamazonas.gob.ve\/amz\/wp-json\/wp\/v2\/users\/2"}],"replies":[{"embeddable":true,"href":"https:\/\/contraloriaestadoamazonas.gob.ve\/amz\/wp-json\/wp\/v2\/comments?post=1443"}],"version-history":[{"count":6,"href":"https:\/\/contraloriaestadoamazonas.gob.ve\/amz\/wp-json\/wp\/v2\/pages\/1443\/revisions"}],"predecessor-version":[{"id":5235,"href":"https:\/\/contraloriaestadoamazonas.gob.ve\/amz\/wp-json\/wp\/v2\/pages\/1443\/revisions\/5235"}],"wp:attachment":[{"href":"https:\/\/contraloriaestadoamazonas.gob.ve\/amz\/wp-json\/wp\/v2\/media?parent=1443"}],"curies":[{"name":"wp","href":"https:\/\/api.w.org\/{rel}","templated":true}]}}