{"id":1445,"date":"2013-01-07T11:12:41","date_gmt":"2013-01-07T15:42:41","guid":{"rendered":"http:\/\/www.contraloriaestadoamazonas.gob.ve\/amz\/?page_id=1445"},"modified":"2014-05-06T11:08:56","modified_gmt":"2014-05-06T15:38:56","slug":"principios-orientadores-de-la-gestion-institucional","status":"publish","type":"page","link":"https:\/\/contraloriaestadoamazonas.gob.ve\/amz\/principios-orientadores-de-la-gestion-institucional\/","title":{"rendered":"Principios orientadores de la Gesti\u00f3n institucional"},"content":{"rendered":"<p style=\"text-align: justify;\">Los funcionarios y funcionarias de la Contralor\u00eda del estado Amazonas ejercen sus funciones bajo los siguientes principios y valores:<\/p>\n<p style=\"text-align: justify;\">\u00a0\u00a0\u00a0 <b>Objetividad: <\/b>basados en el estricto criterio jur\u00eddico y t\u00e9cnico, siguiendo los lineamientos metodol\u00f3gicos establecidos para el ejercicio de la funci\u00f3n fiscal, sin estar sujetos a prejuicios que puedan influenciar los resultados de la gesti\u00f3n fiscalizadora.<\/p>\n<p style=\"text-align: justify;\">\u00a0\u00a0\u00a0 <b>Honestidad:<\/b> Este principio implica que los funcionarios y empleados p\u00fablicos al servicio de la Contralor\u00eda del Estado Amazonas administren y custodien el patrimonio p\u00fablico estadal con decencia, decoro, probidad y honradez, para que la utilizaci\u00f3n de los bienes y recursos sean conformes a lo previsto en la Constituci\u00f3n y dem\u00e1s leyes, en correspondencia con los principios de eficacia y eficiencia.<\/p>\n<p style=\"text-align: justify;\">\u00a0\u00a0\u00a0 <b>Imparcialidad: <\/b>Los funcionarios adscritos a la Contralor\u00eda del Estado Amazonas est\u00e1n al servicio de la Administraci\u00f3n P\u00fablica Estadal y no de parcialidad pol\u00edtica o econ\u00f3mica alguna. Incluso no podr\u00e1n destinar el uso de los bienes o los recursos que integran el patrimonio p\u00fablico para favorecer a partidos o proyectos pol\u00edticos o intereses econ\u00f3micos particulares.<\/p>\n<p style=\"text-align: justify;\">\u00a0\u00a0\u00a0 <b>Responsabilidad:<\/b> Conscientes de nuestra obligaci\u00f3n como servidores p\u00fablicos, realizando el mejor esfuerzo para cumplir con los deberes asignados y asumiendo las consecuencias de nuestros actos.<\/p>\n<p style=\"text-align: justify;\">\u00a0\u00a0\u00a0 <b>Transparencia: <\/b>\u00a0La Contralor\u00eda del Estado Amazonas haga del conocimiento p\u00fablico la organizaci\u00f3n del \u00d3rgano Contralor, desarrolle sus actividades de forma tal que facilite a los ciudadanos conocer el estado actual de los procedimientos de su inter\u00e9s, obtener copias de los documentos permitidos por la ley, obtener informaci\u00f3n y orientaci\u00f3n en los casos de denuncia o atenci\u00f3n ciudadana, todo esto a trav\u00e9s de la utilizaci\u00f3n de cualquier medio impreso, audiovisual, inform\u00e1tico o cualquier otro que disponga.<\/p>\n<p style=\"text-align: justify;\">\u00a0\u00a0\u00a0 <b>Participaci\u00f3n Ciudadana<\/b>: La Contralor\u00eda del Estado Amazonas promover\u00e1 el ejercicio de los instrumentos de participaci\u00f3n ciudadana consagrados en la Constituci\u00f3n y dem\u00e1s leyes, que contribuyan a ejercer un control efectivo sobre la administraci\u00f3n de los bienes y recursos que integran el patrimonio p\u00fablico estadal.<\/p>\n<p style=\"text-align: justify;\">\u00a0\u00a0\u00a0 <b>Trabajo de equipo:<\/b> La Contralor\u00eda del Estado Amazonas coordinara efectivamente la participaci\u00f3n e interacci\u00f3n de los funcionarios y funcionarias para promover la armon\u00eda, confianza y respeto en el logro de los objetivos comunes.<\/p>\n<p>&nbsp;<\/p>\n","protected":false},"excerpt":{"rendered":"<p>Los funcionarios y funcionarias de la Contralor\u00eda del estado Amazonas ejercen sus funciones bajo los siguientes principios y valores: \u00a0\u00a0\u00a0 Objetividad: basados en el estricto criterio jur\u00eddico y t\u00e9cnico, siguiendo los lineamientos metodol\u00f3gicos establecidos para el ejercicio de la funci\u00f3n &hellip; <a class=\"more-link\" href=\"https:\/\/contraloriaestadoamazonas.gob.ve\/amz\/principios-orientadores-de-la-gestion-institucional\/\">Sigue leyendo <span class=\"meta-nav\">&rarr;<\/span><\/a><\/p>\n","protected":false},"author":2,"featured_media":0,"parent":0,"menu_order":0,"comment_status":"closed","ping_status":"closed","template":"","meta":{"footnotes":""},"class_list":["post-1445","page","type-page","status-publish","hentry"],"_links":{"self":[{"href":"https:\/\/contraloriaestadoamazonas.gob.ve\/amz\/wp-json\/wp\/v2\/pages\/1445","targetHints":{"allow":["GET"]}}],"collection":[{"href":"https:\/\/contraloriaestadoamazonas.gob.ve\/amz\/wp-json\/wp\/v2\/pages"}],"about":[{"href":"https:\/\/contraloriaestadoamazonas.gob.ve\/amz\/wp-json\/wp\/v2\/types\/page"}],"author":[{"embeddable":true,"href":"https:\/\/contraloriaestadoamazonas.gob.ve\/amz\/wp-json\/wp\/v2\/users\/2"}],"replies":[{"embeddable":true,"href":"https:\/\/contraloriaestadoamazonas.gob.ve\/amz\/wp-json\/wp\/v2\/comments?post=1445"}],"version-history":[{"count":3,"href":"https:\/\/contraloriaestadoamazonas.gob.ve\/amz\/wp-json\/wp\/v2\/pages\/1445\/revisions"}],"predecessor-version":[{"id":3104,"href":"https:\/\/contraloriaestadoamazonas.gob.ve\/amz\/wp-json\/wp\/v2\/pages\/1445\/revisions\/3104"}],"wp:attachment":[{"href":"https:\/\/contraloriaestadoamazonas.gob.ve\/amz\/wp-json\/wp\/v2\/media?parent=1445"}],"curies":[{"name":"wp","href":"https:\/\/api.w.org\/{rel}","templated":true}]}}