{"id":1447,"date":"2013-01-07T11:18:19","date_gmt":"2013-01-07T15:48:19","guid":{"rendered":"http:\/\/www.contraloriaestadoamazonas.gob.ve\/amz\/?page_id=1447"},"modified":"2014-05-06T11:20:04","modified_gmt":"2014-05-06T15:50:04","slug":"estilo-administrativo","status":"publish","type":"page","link":"https:\/\/contraloriaestadoamazonas.gob.ve\/amz\/estilo-administrativo\/","title":{"rendered":"Estilo Administrativo"},"content":{"rendered":"<p style=\"text-align: justify;\">De acuerdo con esto, la comunicaci\u00f3n de la alta direcci\u00f3n hacia los dem\u00e1s niveles de la Contralor\u00eda del Estado Amazonas es permanente, profesional, formal, sin restarle imagen y autoridad; igualmente, los canales de comunicaci\u00f3n est\u00e1n abiertos desde todos los niveles hacia los directivos y se abordan con:<\/p>\n<ul>\n<li style=\"text-align: justify;\"><b>Flexibilidad<\/b> en el manejo de las situaciones y de los problemas que se presentan.<\/li>\n<\/ul>\n<ul>\n<li style=\"text-align: justify;\"><b>Dinamismo y agilidad<\/b> en los procedimientos en todas y cada una de las \u00e1reas del \u00d3rgano de Control Fiscal.<\/li>\n<\/ul>\n<ul>\n<li style=\"text-align: justify;\"><b>Confianza<\/b> \u00a0involucrando\u00a0 activamente a todas y cada una de las personas que conforman las diferentes \u00e1reas operativas de la Contraloria del Estado Amazonas.<\/li>\n<\/ul>\n<ul>\n<li style=\"text-align: justify;\"><b>\u00c9tica:<\/b> basada en el conjunto de principios, valores, costumbres y normas, establecidos en el Reglamento Interno de la Contralor\u00eda del Estado Amazonas, resaltando la honestidad, la equidad, el decoro, la lealtad, vocaci\u00f3n de servicio, transparencia y excelencia.<\/li>\n<\/ul>\n<ul>\n<li style=\"text-align: justify;\"><b>Oportunidad:<\/b> en el momento adecuado, cumpliendo el ejercicio del control fiscal y la presentaci\u00f3n de los resultados.<\/li>\n<\/ul>\n<ul>\n<li style=\"text-align: justify;\"><b>Econom\u00eda:<\/b> En el ejercicio del control fiscal, de manera que su costo no exceda de los beneficios esperados.<\/li>\n<\/ul>\n<ul>\n<li style=\"text-align: justify;\"><b>Celeridad:<\/b> En las actuaciones del control fiscal sin impedir la gesti\u00f3n de la administraci\u00f3n p\u00fablica.<\/li>\n<\/ul>\n<ul>\n<li style=\"text-align: justify;\"><b>Car\u00e1cter t\u00e9cnico<\/b> basado en los criterios jur\u00eddicos y t\u00e9cnicos establecidos para el ejercicio del control fiscal.<\/li>\n<\/ul>\n<ul style=\"text-align: justify;\">\n<li><b>Participaci\u00f3n<\/b> \u00a0de los funcionarios\u00a0 en el incentivo y motivaci\u00f3n a la ciudadan\u00eda en la gesti\u00f3n Contralora.<\/li>\n<\/ul>\n<p style=\"text-align: justify;\">\n<p style=\"text-align: justify;\">\n","protected":false},"excerpt":{"rendered":"<p>De acuerdo con esto, la comunicaci\u00f3n de la alta direcci\u00f3n hacia los dem\u00e1s niveles de la Contralor\u00eda del Estado Amazonas es permanente, profesional, formal, sin restarle imagen y autoridad; igualmente, los canales de comunicaci\u00f3n est\u00e1n abiertos desde todos los niveles &hellip; <a class=\"more-link\" href=\"https:\/\/contraloriaestadoamazonas.gob.ve\/amz\/estilo-administrativo\/\">Sigue leyendo <span class=\"meta-nav\">&rarr;<\/span><\/a><\/p>\n","protected":false},"author":2,"featured_media":0,"parent":0,"menu_order":0,"comment_status":"closed","ping_status":"closed","template":"","meta":{"footnotes":""},"class_list":["post-1447","page","type-page","status-publish","hentry"],"_links":{"self":[{"href":"https:\/\/contraloriaestadoamazonas.gob.ve\/amz\/wp-json\/wp\/v2\/pages\/1447","targetHints":{"allow":["GET"]}}],"collection":[{"href":"https:\/\/contraloriaestadoamazonas.gob.ve\/amz\/wp-json\/wp\/v2\/pages"}],"about":[{"href":"https:\/\/contraloriaestadoamazonas.gob.ve\/amz\/wp-json\/wp\/v2\/types\/page"}],"author":[{"embeddable":true,"href":"https:\/\/contraloriaestadoamazonas.gob.ve\/amz\/wp-json\/wp\/v2\/users\/2"}],"replies":[{"embeddable":true,"href":"https:\/\/contraloriaestadoamazonas.gob.ve\/amz\/wp-json\/wp\/v2\/comments?post=1447"}],"version-history":[{"count":4,"href":"https:\/\/contraloriaestadoamazonas.gob.ve\/amz\/wp-json\/wp\/v2\/pages\/1447\/revisions"}],"predecessor-version":[{"id":1450,"href":"https:\/\/contraloriaestadoamazonas.gob.ve\/amz\/wp-json\/wp\/v2\/pages\/1447\/revisions\/1450"}],"wp:attachment":[{"href":"https:\/\/contraloriaestadoamazonas.gob.ve\/amz\/wp-json\/wp\/v2\/media?parent=1447"}],"curies":[{"name":"wp","href":"https:\/\/api.w.org\/{rel}","templated":true}]}}