{"id":1465,"date":"2013-01-07T11:47:42","date_gmt":"2013-01-07T16:17:42","guid":{"rendered":"http:\/\/www.contraloriaestadoamazonas.gob.ve\/amz\/?page_id=1465"},"modified":"2026-04-09T11:06:42","modified_gmt":"2026-04-09T15:36:42","slug":"institucional","status":"publish","type":"page","link":"https:\/\/contraloriaestadoamazonas.gob.ve\/amz\/institucional\/","title":{"rendered":"Instituci\u00f3n"},"content":{"rendered":"<ul>\n<li><strong><span style=\"color: #008080;\"><a title=\"Historia\" href=\"http:\/\/www.contraloriaestadoamazonas.gob.ve\/amz\/mision-vision\/\"><span style=\"color: #008080;\">Historia<\/span><\/a><\/span><\/strong><\/li>\n<\/ul>\n<ul>\n<li><strong><span style=\"color: #008080;\"><a title=\"Misi\u00f3n\" href=\"http:\/\/www.contraloriaestadoamazonas.gob.ve\/amz\/mision\/\"><span style=\"color: #008080;\">Misi\u00f3n<\/span><\/a><\/span><\/strong><\/li>\n<\/ul>\n<ul>\n<li><strong><span style=\"color: #008080;\"><a title=\"Visi\u00f3n\" href=\"http:\/\/www.contraloriaestadoamazonas.gob.ve\/amz\/vision\/\"><span style=\"color: #008080;\">Visi\u00f3n<\/span><\/a><\/span><\/strong><\/li>\n<\/ul>\n<ul>\n<li><strong><span style=\"color: #008080;\"><a title=\"Pol\u00edtica de Calidad\" href=\"http:\/\/www.contraloriaestadoamazonas.gob.ve\/amz\/politica-de-calidad\/\"><span style=\"color: #008080;\">Pol\u00edtica de Calidad<\/span><\/a><\/span><\/strong><\/li>\n<\/ul>\n<ul>\n<li><strong><span style=\"color: #008080;\"><a title=\"\u00c1mbito de Control\" href=\"http:\/\/www.contraloriaestadoamazonas.gob.ve\/amz\/ambito-de-control\/\"><span style=\"color: #008080;\">\u00c1mbito de Control<\/span><\/a><\/span><\/strong><\/li>\n<\/ul>\n<ul>\n<li><strong><span style=\"color: #008080;\"><a title=\"Principios orientadores de la Gesti\u00f3n institucional\" href=\"http:\/\/www.contraloriaestadoamazonas.gob.ve\/amz\/principios-orientadores-de-la-gestion-institucional\/\"><span style=\"color: #008080;\">Principios Orientadores de la Gesti\u00f3n Institucional<\/span><\/a><\/span><\/strong><\/li>\n<\/ul>\n<ul>\n<li><strong><span style=\"color: #008080;\"><a title=\"Estilo Administrativo\" href=\"http:\/\/www.contraloriaestadoamazonas.gob.ve\/amz\/estilo-administrativo\/\"><span style=\"color: #008080;\">Estilo Administrativo<\/span><\/a><\/span><\/strong><\/li>\n<\/ul>\n<ul>\n<li><strong><span style=\"color: #008080;\"><span style=\"color: #008080;\">Estructura Organizativa<\/span><\/span><\/strong><\/li>\n<\/ul>\n\n\n<figure class=\"wp-block-image size-full\"><a href=\"https:\/\/contraloriaestadoamazonas.gob.ve\/amz\/wp-content\/uploads\/2026\/04\/estructura-CEIA.jpg\"><img loading=\"lazy\" decoding=\"async\" width=\"656\" height=\"414\" src=\"https:\/\/contraloriaestadoamazonas.gob.ve\/amz\/wp-content\/uploads\/2026\/04\/estructura-CEIA.jpg\" alt=\"\" class=\"wp-image-5195\" srcset=\"https:\/\/contraloriaestadoamazonas.gob.ve\/amz\/wp-content\/uploads\/2026\/04\/estructura-CEIA.jpg 656w, https:\/\/contraloriaestadoamazonas.gob.ve\/amz\/wp-content\/uploads\/2026\/04\/estructura-CEIA-300x189.jpg 300w\" sizes=\"auto, (max-width: 656px) 100vw, 656px\" \/><\/a><\/figure>\n","protected":false},"excerpt":{"rendered":"<p>Historia Misi\u00f3n Visi\u00f3n Pol\u00edtica de Calidad \u00c1mbito de Control Principios Orientadores de la Gesti\u00f3n Institucional Estilo Administrativo Estructura Organizativa<\/p>\n","protected":false},"author":2,"featured_media":0,"parent":0,"menu_order":0,"comment_status":"closed","ping_status":"closed","template":"","meta":{"footnotes":""},"class_list":["post-1465","page","type-page","status-publish","hentry"],"_links":{"self":[{"href":"https:\/\/contraloriaestadoamazonas.gob.ve\/amz\/wp-json\/wp\/v2\/pages\/1465","targetHints":{"allow":["GET"]}}],"collection":[{"href":"https:\/\/contraloriaestadoamazonas.gob.ve\/amz\/wp-json\/wp\/v2\/pages"}],"about":[{"href":"https:\/\/contraloriaestadoamazonas.gob.ve\/amz\/wp-json\/wp\/v2\/types\/page"}],"author":[{"embeddable":true,"href":"https:\/\/contraloriaestadoamazonas.gob.ve\/amz\/wp-json\/wp\/v2\/users\/2"}],"replies":[{"embeddable":true,"href":"https:\/\/contraloriaestadoamazonas.gob.ve\/amz\/wp-json\/wp\/v2\/comments?post=1465"}],"version-history":[{"count":7,"href":"https:\/\/contraloriaestadoamazonas.gob.ve\/amz\/wp-json\/wp\/v2\/pages\/1465\/revisions"}],"predecessor-version":[{"id":5240,"href":"https:\/\/contraloriaestadoamazonas.gob.ve\/amz\/wp-json\/wp\/v2\/pages\/1465\/revisions\/5240"}],"wp:attachment":[{"href":"https:\/\/contraloriaestadoamazonas.gob.ve\/amz\/wp-json\/wp\/v2\/media?parent=1465"}],"curies":[{"name":"wp","href":"https:\/\/api.w.org\/{rel}","templated":true}]}}