{"id":5244,"date":"2026-04-09T11:11:44","date_gmt":"2026-04-09T15:41:44","guid":{"rendered":"https:\/\/contraloriaestadoamazonas.gob.ve\/amz\/?page_id=5244"},"modified":"2026-04-10T08:46:24","modified_gmt":"2026-04-10T13:16:24","slug":"direccion-de-planificacion-y-presupuesto","status":"publish","type":"page","link":"https:\/\/contraloriaestadoamazonas.gob.ve\/amz\/direccion-de-planificacion-y-presupuesto\/","title":{"rendered":"Direcci\u00f3n de Planificaci\u00f3n y Presupuesto"},"content":{"rendered":"\n<p>               <strong>                                                         Msc. Jose O. Gonzalez F.       <\/strong>       <strong>         <\/strong><\/p>\n\n\n\n<p>                                                         <strong>Director de\u00a0Planificaci\u00f3n \u00a0y Presupuesto<\/strong><\/p>\n\n\n\n<p><strong><em>T\u00edtulos Obtenidos:<\/em><\/strong><\/p>\n\n\n\n<ul class=\"wp-block-list\">\n<li>Licenciado\u00a0\u00a0 en\u00a0 Administraci\u00f3n\u00a0 y\u00a0\u00a0 Gesti\u00f3n\u00a0 Municipal\u00a0 (UNEFA)<\/li>\n\n\n\n<li>Especialista en Gesti\u00f3n de Tributos Nacionales (ENAHP-IUT)<\/li>\n\n\n\n<li>Magister Scientiarum en Administraci\u00f3n de Negocios (UNA)<\/li>\n\n\n\n<li>Estudiante\u00a0\u00a0\u00a0 de\u00a0\u00a0 Doctorado\u00a0en Ciencias\u00a0\u00a0Administrativas (UNESR)<\/li>\n\n\n\n<li>Estudiante de Contadur\u00eda P\u00fablica (UNA)<\/li>\n<\/ul>\n\n\n\n<p><strong><em>Experiencia Profesional:<\/em><\/strong> <\/p>\n\n\n\n<p><strong>Analista Profesional I (2017) <\/strong>en la Direcci\u00f3n de Administraci\u00f3n del Instituto Aut\u00f3nomo de Polic\u00eda Municipal de Atures (IAPOLMA).<\/p>\n\n\n\n<p><strong>Contador I (2017) <\/strong>en la Direcci\u00f3n de Administraci\u00f3n y Servicios Generales de la Contralor\u00eda General del Estado Amazonas<\/p>\n\n\n\n<p><strong>Contador II (2020-2021) <\/strong>en la Direcci\u00f3n de Administraci\u00f3n y Servicios Generales de la Contralor\u00eda General del Estado Amazonas<\/p>\n\n\n\n<p><strong>Coordinador de Administraci\u00f3n y Presupuesto (2021) <\/strong>de la Contralor\u00eda General del Estado Amazonas.<\/p>\n\n\n\n<p><strong>Director de Planificaci\u00f3n y Presupuesto (2022) <\/strong>de la Contralor\u00eda General del Estado Amazonas. (En funciones)<\/p>\n\n\n\n<p><strong>Jurado Evaluador Principal Externo de Trabajos Especiales de Grado de la Universidad Sim\u00f3n Rodr\u00edguez (UNESR)<\/strong><\/p>\n\n\n\n<p><strong>Tutor de Contenido de TEG Postgrado (UNERG)<\/strong><\/p>\n\n\n\n<p><strong>Profesor Universitario Activo (UNERG-Postgrado)<\/strong><\/p>\n\n\n\n<p><strong>Profesor Universitario Activo (UNESR-Pregrado)<\/strong><\/p>\n\n\n\n<p><strong><em>Cursos:<\/em><\/strong> <\/p>\n\n\n\n<p>Diplomado en Resoluci\u00f3n Pac\u00edfica de Conflictos (UVM) <\/p>\n\n\n\n<p>Diplomado en Administraci\u00f3n de Recursos Humanos y Desarrollo de Competencias Gerenciales (UJAP) <\/p>\n\n\n\n<p>Diplomado en Docencia Universitaria (UPEL) <\/p>\n\n\n\n<p>                                               <strong>Misi\u00f3n de la Direcci\u00f3n <strong>de\u00a0Planificaci\u00f3n \u00a0y Presupuesto<\/strong><\/strong><\/p>\n\n\n\n<p>Ejecutar de manera \u00d3ptima y Eficaz los Planes y Proyectos de la Contralor\u00eda del Estado Amazonas, tomando en consideraci\u00f3n los planes estrat\u00e9gicos dictados por la Contralor\u00eda General de la Rep\u00fablica y del Sistema Nacional de Control Fiscal y directrices emanadas por la M\u00e1xima Autoridad, para garantizar el cumplimiento de las disposiciones Legales y Reglamentarias inherentes a los procesos de Planificaci\u00f3n y Presupuesto y los fines institucionales.\u00a0\u00a0<\/p>\n\n\n\n<p>                                                  <strong>Visi\u00f3n de la Direcci\u00f3n <strong>de\u00a0Planificaci\u00f3n \u00a0y Presupuesto<\/strong><\/strong><\/p>\n\n\n\n<p>Ser la unidad Preservadora y Gu\u00eda en el cumplimiento de los Planes y Proyectos establecidos para el Ejercicio Fiscal correspondiente de la Contralor\u00eda del Estado Amazonas.<\/p>\n\n\n\n<p>                                                   <strong>Objetivo General <strong>de\u00a0Planificaci\u00f3n \u00a0y Presupuesto<\/strong><\/strong> <\/p>\n\n\n\n<p>Elaborar, planificar, programar, controlar y evaluar los Planes y Proyectos en materia de Planificaci\u00f3n y Presupuesto de la Contralor\u00eda Del Estado Amazonas, as\u00ed como coordinar la formulaci\u00f3n, ejecuci\u00f3n y seguimiento del Presupuesto de este \u00d3rgano de Control Fiscal.<\/p>\n\n\n\n<p><\/p>\n","protected":false},"excerpt":{"rendered":"<p>Msc. Jose O. Gonzalez F. Director de\u00a0Planificaci\u00f3n \u00a0y Presupuesto T\u00edtulos Obtenidos: Experiencia Profesional: Analista Profesional I (2017) en la Direcci\u00f3n de Administraci\u00f3n del Instituto Aut\u00f3nomo de Polic\u00eda Municipal de Atures (IAPOLMA). Contador I (2017) en la Direcci\u00f3n de Administraci\u00f3n y &hellip; <a class=\"more-link\" href=\"https:\/\/contraloriaestadoamazonas.gob.ve\/amz\/direccion-de-planificacion-y-presupuesto\/\">Sigue leyendo <span class=\"meta-nav\">&rarr;<\/span><\/a><\/p>\n","protected":false},"author":10,"featured_media":0,"parent":0,"menu_order":0,"comment_status":"closed","ping_status":"closed","template":"","meta":{"footnotes":""},"class_list":["post-5244","page","type-page","status-publish","hentry"],"_links":{"self":[{"href":"https:\/\/contraloriaestadoamazonas.gob.ve\/amz\/wp-json\/wp\/v2\/pages\/5244","targetHints":{"allow":["GET"]}}],"collection":[{"href":"https:\/\/contraloriaestadoamazonas.gob.ve\/amz\/wp-json\/wp\/v2\/pages"}],"about":[{"href":"https:\/\/contraloriaestadoamazonas.gob.ve\/amz\/wp-json\/wp\/v2\/types\/page"}],"author":[{"embeddable":true,"href":"https:\/\/contraloriaestadoamazonas.gob.ve\/amz\/wp-json\/wp\/v2\/users\/10"}],"replies":[{"embeddable":true,"href":"https:\/\/contraloriaestadoamazonas.gob.ve\/amz\/wp-json\/wp\/v2\/comments?post=5244"}],"version-history":[{"count":4,"href":"https:\/\/contraloriaestadoamazonas.gob.ve\/amz\/wp-json\/wp\/v2\/pages\/5244\/revisions"}],"predecessor-version":[{"id":5267,"href":"https:\/\/contraloriaestadoamazonas.gob.ve\/amz\/wp-json\/wp\/v2\/pages\/5244\/revisions\/5267"}],"wp:attachment":[{"href":"https:\/\/contraloriaestadoamazonas.gob.ve\/amz\/wp-json\/wp\/v2\/media?parent=5244"}],"curies":[{"name":"wp","href":"https:\/\/api.w.org\/{rel}","templated":true}]}}