{"id":5294,"date":"2026-04-10T10:00:25","date_gmt":"2026-04-10T14:30:25","guid":{"rendered":"https:\/\/contraloriaestadoamazonas.gob.ve\/amz\/?page_id=5294"},"modified":"2026-04-10T12:14:46","modified_gmt":"2026-04-10T16:44:46","slug":"unidad-de-auditoria-interna","status":"publish","type":"page","link":"https:\/\/contraloriaestadoamazonas.gob.ve\/amz\/unidad-de-auditoria-interna\/","title":{"rendered":"Unidad de Auditor\u00eda Interna"},"content":{"rendered":"\n<p>                                                                                Bivian Gomez                                                               <\/p>\n\n\n\n<p><strong>Auditora Interna <\/strong><\/p>\n\n\n\n<p><strong><em>T\u00edtulos Obtenidos:<\/em><\/strong>  <\/p>\n\n\n\n<p>Licenciada en Contadur\u00eda P\u00fablica. <\/p>\n\n\n\n<p><strong><em>Cursos:<\/em><\/strong><\/p>\n\n\n\n<p>Foro de de la inflaci\u00f3n de la cultura organizacional Universidad NacionaL Experimental Polit\u00e9cnica de las Fuerzas Armadas \u00abUNEFA\u00bb. Guanare, Estado Portuguesa duraci\u00f3n 5 horas.<\/p>\n\n\n\n<p>Curso de sistema administrativo saint. Instituto Nacional de Capacitaci\u00f3n y Educaci\u00f3n Socialista \u00abINCES\u00bb. Estado Portuguesa 02 de Diciembre del 2009, Duraci\u00f3n:  75 horas.<\/p>\n\n\n\n<p>Foro de Evaluaci\u00f3n de los aprendizajes en la actualidad \u00bfValoraci\u00f3n o Medici\u00f3n? \u201cCrisis de los paradigmas en la educaci\u00f3n f\u00edsica\u00bb \u00abvicerrectorado de la producci\u00f3n agr\u00edcola\u00bb Guanare, Estado Portuguesa. \u00abUNELLEZ\u00bb. 14 de mayo de 2010, duraci\u00f3n: 08 horas.<\/p>\n\n\n\n<p><strong>Misi\u00f3n de la Unidad de Auditor\u00eda Interna.<\/strong> <\/p>\n\n\n\n<p>La Unidad de Auditor\u00eda Interna tiene como misi\u00f3n monitorear el Sistema de Control Interno, evaluar el grado de operatividad y eficacia de los sistemas de administraci\u00f3n y de informaci\u00f3n gerencial, as\u00ed como evaluar las actividades financieras y administrativas realizadas por las Direcciones, Dependencias y Coordinaciones adscritas a la Contralor\u00eda del estado ind\u00edgena Amazonas. Apoyar al Contralor del estado en el control de la administraci\u00f3n del organismo, con el prop\u00f3sito de asegurar la eficiencia en el cumplimiento de la misi\u00f3n institucional, con estricto apego a valores fundamentales de \u00e9tica p\u00fablica, moral administrativa, objetividad, imparcialidad y confidencialidad. <\/p>\n\n\n\n<p><\/p>\n\n\n\n<p><strong>Visi\u00f3n de la <strong>Unidad de Auditor\u00eda Interna.<\/strong><\/strong> <\/p>\n\n\n\n<p>Proyectarse como una unidad verificadora de apoyo para el cumplimiento de los lineamientos y normativas legales que permitan la confiabilidad de los procedimientos administrativos realizados por las Direcciones, Dependencias y Unidades adscritas a la Contralor\u00eda del estado Amazonas y aunado a ello, establecerse como modelo para las Unidades de Auditor\u00eda Interna de la Administraci\u00f3n P\u00fablica Estadal.<\/p>\n\n\n\n<p><\/p>\n\n\n\n<p><strong>Objetivo General&nbsp;de la <strong>Unidad de Auditor\u00eda Interna.<\/strong><\/strong> <\/p>\n\n\n\n<p>Determinar la idoneidad del Sistema de Control Interno y verificar el cumplimiento del marco legal de los procedimientos administrativos y financieros, de los activos que conforman el patrimonio de esta Contralor\u00eda Estadal, realizando Auditor\u00edas, Inspecciones, ex\u00e1menes, estudios, an\u00e1lisis e investigaci\u00f3n de todo tipo y de cualquier naturaleza en este Organismo.<\/p>\n\n\n\n<p><\/p>\n","protected":false},"excerpt":{"rendered":"<p>Bivian Gomez Auditora Interna T\u00edtulos Obtenidos: Licenciada en Contadur\u00eda P\u00fablica. Cursos: Foro de de la inflaci\u00f3n de la cultura organizacional Universidad NacionaL Experimental Polit\u00e9cnica de las Fuerzas Armadas \u00abUNEFA\u00bb. Guanare, Estado Portuguesa duraci\u00f3n 5 horas. Curso de sistema administrativo saint. &hellip; <a class=\"more-link\" href=\"https:\/\/contraloriaestadoamazonas.gob.ve\/amz\/unidad-de-auditoria-interna\/\">Sigue leyendo <span class=\"meta-nav\">&rarr;<\/span><\/a><\/p>\n","protected":false},"author":10,"featured_media":0,"parent":0,"menu_order":0,"comment_status":"closed","ping_status":"closed","template":"","meta":{"footnotes":""},"class_list":["post-5294","page","type-page","status-publish","hentry"],"_links":{"self":[{"href":"https:\/\/contraloriaestadoamazonas.gob.ve\/amz\/wp-json\/wp\/v2\/pages\/5294","targetHints":{"allow":["GET"]}}],"collection":[{"href":"https:\/\/contraloriaestadoamazonas.gob.ve\/amz\/wp-json\/wp\/v2\/pages"}],"about":[{"href":"https:\/\/contraloriaestadoamazonas.gob.ve\/amz\/wp-json\/wp\/v2\/types\/page"}],"author":[{"embeddable":true,"href":"https:\/\/contraloriaestadoamazonas.gob.ve\/amz\/wp-json\/wp\/v2\/users\/10"}],"replies":[{"embeddable":true,"href":"https:\/\/contraloriaestadoamazonas.gob.ve\/amz\/wp-json\/wp\/v2\/comments?post=5294"}],"version-history":[{"count":3,"href":"https:\/\/contraloriaestadoamazonas.gob.ve\/amz\/wp-json\/wp\/v2\/pages\/5294\/revisions"}],"predecessor-version":[{"id":5299,"href":"https:\/\/contraloriaestadoamazonas.gob.ve\/amz\/wp-json\/wp\/v2\/pages\/5294\/revisions\/5299"}],"wp:attachment":[{"href":"https:\/\/contraloriaestadoamazonas.gob.ve\/amz\/wp-json\/wp\/v2\/media?parent=5294"}],"curies":[{"name":"wp","href":"https:\/\/api.w.org\/{rel}","templated":true}]}}