{"id":601,"date":"2011-12-02T08:26:29","date_gmt":"2011-12-02T12:56:29","guid":{"rendered":"http:\/\/www.contraloriaestadoamazonas.gob.ve\/amz\/?page_id=601"},"modified":"2026-04-09T11:09:42","modified_gmt":"2026-04-09T15:39:42","slug":"bases-legales","status":"publish","type":"page","link":"https:\/\/contraloriaestadoamazonas.gob.ve\/amz\/bases-legales\/","title":{"rendered":"Bases Legales"},"content":{"rendered":"<p>El contenido incluye diversa normativa de rango constitucional, legal y sublegal, cuyos textos en formato electr\u00f3nico <strong>(PDF)<\/strong> han sido tomados de las p\u00e1ginas web oficiales de organismos p\u00fablicos nacionales.<\/p>\n<p>En caso de no poseer el programa Adobe Acrobat Reader, puede obtenerlo totalmente gratuito en la p\u00e1gina de Adobe Corporation haciendo click aqu\u00ed.<\/p>\n<p>Constituci\u00f3n de la Rep\u00fablica Bolivariana de Venezuela.<\/p>\n<p>Ley Org\u00e1nica de la Contralor\u00eda General de la Rep\u00fablica y del Sistema Nacional de Control Fiscal.<\/p>\n<p>Reglamento de la Ley Org\u00e1nica de la Contralor\u00eda General de la Rep\u00fablica y del Sistema Nacional de Control Fiscal.<\/p>\n<p>Ley Org\u00e1nica del Poder Ciudadano.<\/p>\n<p>Ley Contra la Corrupci\u00f3n.<\/p>\n<p>Manual completo de Rendici\u00f3n de Cuentas en los Consejos Comunales en Castellano y Piaroa<\/p>\n<p><a href=\"http:\/\/www.contraloriaestadoamazonas.gob.ve\/amz\/wp-content\/uploads\/2013\/02\/Manual-completo-de-Rendici\u00f3n-de-Cuentas-en-los-C-C-en-Castellano-5_07_2014-definitiva.pdf\">\u00a0<\/a><\/p>\n","protected":false},"excerpt":{"rendered":"<p>El contenido incluye diversa normativa de rango constitucional, legal y sublegal, cuyos textos en formato electr\u00f3nico (PDF) han sido tomados de las p\u00e1ginas web oficiales de organismos p\u00fablicos nacionales. En caso de no poseer el programa Adobe Acrobat Reader, puede &hellip; <a class=\"more-link\" href=\"https:\/\/contraloriaestadoamazonas.gob.ve\/amz\/bases-legales\/\">Sigue leyendo <span class=\"meta-nav\">&rarr;<\/span><\/a><\/p>\n","protected":false},"author":2,"featured_media":0,"parent":0,"menu_order":0,"comment_status":"closed","ping_status":"closed","template":"","meta":{"footnotes":""},"class_list":["post-601","page","type-page","status-publish","hentry"],"_links":{"self":[{"href":"https:\/\/contraloriaestadoamazonas.gob.ve\/amz\/wp-json\/wp\/v2\/pages\/601","targetHints":{"allow":["GET"]}}],"collection":[{"href":"https:\/\/contraloriaestadoamazonas.gob.ve\/amz\/wp-json\/wp\/v2\/pages"}],"about":[{"href":"https:\/\/contraloriaestadoamazonas.gob.ve\/amz\/wp-json\/wp\/v2\/types\/page"}],"author":[{"embeddable":true,"href":"https:\/\/contraloriaestadoamazonas.gob.ve\/amz\/wp-json\/wp\/v2\/users\/2"}],"replies":[{"embeddable":true,"href":"https:\/\/contraloriaestadoamazonas.gob.ve\/amz\/wp-json\/wp\/v2\/comments?post=601"}],"version-history":[{"count":8,"href":"https:\/\/contraloriaestadoamazonas.gob.ve\/amz\/wp-json\/wp\/v2\/pages\/601\/revisions"}],"predecessor-version":[{"id":5242,"href":"https:\/\/contraloriaestadoamazonas.gob.ve\/amz\/wp-json\/wp\/v2\/pages\/601\/revisions\/5242"}],"wp:attachment":[{"href":"https:\/\/contraloriaestadoamazonas.gob.ve\/amz\/wp-json\/wp\/v2\/media?parent=601"}],"curies":[{"name":"wp","href":"https:\/\/api.w.org\/{rel}","templated":true}]}}