{"id":610,"date":"2011-12-02T10:03:36","date_gmt":"2011-12-02T14:33:36","guid":{"rendered":"http:\/\/www.contraloriaestadoamazonas.gob.ve\/amz\/?page_id=610"},"modified":"2026-04-09T11:13:57","modified_gmt":"2026-04-09T15:43:57","slug":"direccion-de-administracion-y-servicios-generales","status":"publish","type":"page","link":"https:\/\/contraloriaestadoamazonas.gob.ve\/amz\/direccion-de-administracion-y-servicios-generales\/","title":{"rendered":"Direcci\u00f3n de Administraci\u00f3n y Servicios Generales"},"content":{"rendered":"<address><em>\u00a0 \u00a0 \u00a0 \u00a0 \u00a0 \u00a0 \u00a0 \u00a0 \u00a0 \u00a0 \u00a0 \u00a0 \u00a0 \u00a0 \u00a0 \u00a0 \u00a0 \u00a0 \u00a0 \u00a0 \u00a0 \u00a0 \u00a0 \u00a0 \u00a0 \u00a0 \u00a0 \u00a0 \u00a0 \u00a0 \u00a0 \u00a0 \u00a0 \u00a0Msc. Jean C. Salluom C<\/em><\/address>\n<address><em>\u00a0 \u00a0 \u00a0 \u00a0 \u00a0 \u00a0 \u00a0 \u00a0 \u00a0 \u00a0 \u00a0 \u00a0 \u00a0 \u00a0 \u00a0 \u00a0 \u00a0 \u00a0 \u00a0 \u00a0 \u00a0 \u00a0 Director de Administraci\u00f3n y Servicios Generales.<\/em><\/address>\n<p align=\"center\"><em>\u00a0<\/em><\/p>\n<p><strong><em>T\u00edtulos Obtenidos: <\/em><\/strong><\/p>\n<ul>\n<li>Licenciado en Contadur\u00eda P\u00fablica (Universidad Santa Mar\u00eda).<\/li>\n<li>Magister Scientiarum en Gerencia Administrativa (Universidad Experimental de los Llanos Centrales R\u00f3mulo Gallego).<\/li>\n<\/ul>\n<p><em>\u00a0<\/em><strong><em>Experiencia profesional: <\/em><\/strong><\/p>\n<ul>\n<li>Auditor Fiscal I. (Contralor\u00eda del Estado Amazonas.)<\/li>\n<li>Contador I. (Contralor\u00eda del Estado Amazonas.)<\/li>\n<li>Contador II. (Contralor\u00eda del Estado Amazonas.)<\/li>\n<li>Contador III. (Contralor\u00eda del Estado Amazonas.)<\/li>\n<li>Coordinador de Administraci\u00f3n.(Contralor\u00eda del Estado Amazonas.)<\/li>\n<li>Director de Administraci\u00f3n. (Contralor\u00eda del Estado Amazonas.)<\/li>\n<\/ul>\n<p><strong>Misi\u00f3n.<\/strong><\/p>\n<p style=\"text-align: justify;\">Coordinar, ejecutar, supervisar y controlar la administraci\u00f3n de los recursos financieros de la Contralor\u00eda del Estado Amazonas para garantizar el cumplimiento de las disposiciones legales y reglamentarias en todos los procesos administrativos, y con ello obtener un mejor aprovechamiento de los recursos existentes en la organizaci\u00f3n a fin de alcanzar los objetivos y metas planteadas en el ejercicio fiscal.<\/p>\n<p><strong>Visi\u00f3n.<\/strong><\/p>\n<p style=\"text-align: justify;\">Ser la unidad garante en la \u00f3ptima utilizaci\u00f3n de los recursos econ\u00f3micos y financieros, aplicando diversas t\u00e9cnicas administrativas que permitan la toma de decisiones oportunas, para coadyuvar el normal funcionamiento de este \u00f3rgano contralor.<\/p>\n<p style=\"text-align: center;\"><strong>Objetivo General.<\/strong><\/p>\n<p style=\"text-align: justify;\">Coordinar y dirigir la ejecuci\u00f3n de pol\u00edticas y programas, destinados a regular los procedimientos administrativos, para optimizar la ejecuci\u00f3n del presupuesto y las transacciones financieras, igualmente mejorar el proceso de adquisici\u00f3n de bienes y servicios, el mantenimiento de las instalaciones y la dotaci\u00f3n de los materiales y equipos de oficina, requeridos por las direcciones, unidades y oficinas, que permitan el normal funcionamiento del Organismo Contralor.<\/p>\n","protected":false},"excerpt":{"rendered":"<p>\u00a0 \u00a0 \u00a0 \u00a0 \u00a0 \u00a0 \u00a0 \u00a0 \u00a0 \u00a0 \u00a0 \u00a0 \u00a0 \u00a0 \u00a0 \u00a0 \u00a0 \u00a0 \u00a0 \u00a0 \u00a0 \u00a0 \u00a0 \u00a0 \u00a0 \u00a0 \u00a0 \u00a0 \u00a0 \u00a0 \u00a0 \u00a0 \u00a0 \u00a0Msc. Jean C. Salluom C \u00a0 \u00a0 &hellip; <a class=\"more-link\" href=\"https:\/\/contraloriaestadoamazonas.gob.ve\/amz\/direccion-de-administracion-y-servicios-generales\/\">Sigue leyendo <span class=\"meta-nav\">&rarr;<\/span><\/a><\/p>\n","protected":false},"author":2,"featured_media":0,"parent":0,"menu_order":0,"comment_status":"closed","ping_status":"closed","template":"","meta":{"footnotes":""},"class_list":["post-610","page","type-page","status-publish","hentry"],"_links":{"self":[{"href":"https:\/\/contraloriaestadoamazonas.gob.ve\/amz\/wp-json\/wp\/v2\/pages\/610","targetHints":{"allow":["GET"]}}],"collection":[{"href":"https:\/\/contraloriaestadoamazonas.gob.ve\/amz\/wp-json\/wp\/v2\/pages"}],"about":[{"href":"https:\/\/contraloriaestadoamazonas.gob.ve\/amz\/wp-json\/wp\/v2\/types\/page"}],"author":[{"embeddable":true,"href":"https:\/\/contraloriaestadoamazonas.gob.ve\/amz\/wp-json\/wp\/v2\/users\/2"}],"replies":[{"embeddable":true,"href":"https:\/\/contraloriaestadoamazonas.gob.ve\/amz\/wp-json\/wp\/v2\/comments?post=610"}],"version-history":[{"count":12,"href":"https:\/\/contraloriaestadoamazonas.gob.ve\/amz\/wp-json\/wp\/v2\/pages\/610\/revisions"}],"predecessor-version":[{"id":5247,"href":"https:\/\/contraloriaestadoamazonas.gob.ve\/amz\/wp-json\/wp\/v2\/pages\/610\/revisions\/5247"}],"wp:attachment":[{"href":"https:\/\/contraloriaestadoamazonas.gob.ve\/amz\/wp-json\/wp\/v2\/media?parent=610"}],"curies":[{"name":"wp","href":"https:\/\/api.w.org\/{rel}","templated":true}]}}